{"id":29,"date":"2019-09-05T00:06:58","date_gmt":"2019-09-04T22:06:58","guid":{"rendered":"http:\/\/manfred-strohscheer-stiftung.de\/?page_id=29"},"modified":"2025-07-17T09:13:43","modified_gmt":"2025-07-17T07:13:43","slug":"home","status":"publish","type":"page","link":"https:\/\/manfred-strohscheer-stiftung.de\/en\/","title":{"rendered":"Start"},"content":{"rendered":"<p>[et_pb_section fb_built=&#8220;1&#8243; disabled_on=&#8220;off|off|off&#8220; _builder_version=&#8220;4.16&#8243; background_color=&#8220;#242424&#8243; use_background_color_gradient=&#8220;on&#8220; background_color_gradient_type=&#8220;circular&#8220; background_color_gradient_stops=&#8220;#010119 0%|#514100 100%&#8220; background_color_gradient_start=&#8220;#010119&#8243; background_color_gradient_end=&#8220;#514100&#8243; background_image=&#8220;https:\/\/manfred-strohscheer-stiftung.de\/wp-content\/uploads\/2019\/09\/IMG_20190829_203817-1.jpg&#8220; min_height=&#8220;362px&#8220; custom_margin=&#8220;||-74px|||&#8220; global_colors_info=&#8220;{}&#8220;][et_pb_row _builder_version=&#8220;4.16&#8243; width=&#8220;100%&#8220; custom_margin=&#8220;-15px||||false|false&#8220; global_colors_info=&#8220;{}&#8220;][et_pb_column type=&#8220;4_4&#8243; _builder_version=&#8220;4.16&#8243; custom_padding=&#8220;30px||||false|false&#8220; global_colors_info=&#8220;{}&#8220;][et_pb_image src=&#8220;https:\/\/www.manfred-strohscheer-stiftung.de\/wp-content\/uploads\/2019\/09\/logo_MSS1.png&#8220; _builder_version=&#8220;4.16&#8243; width=&#8220;50%&#8220; max_width=&#8220;100%&#8220; module_alignment=&#8220;center&#8220; global_colors_info=&#8220;{}&#8220;][\/et_pb_image][\/et_pb_column][\/et_pb_row][\/et_pb_section][et_pb_section fb_built=&#8220;1&#8243; disabled_on=&#8220;off|off|off&#8220; _builder_version=&#8220;4.16&#8243; background_color=&#8220;#cebcb6&#8243; background_enable_image=&#8220;off&#8220; min_height=&#8220;183px&#8220; custom_margin=&#8220;73px|||||&#8220; custom_padding=&#8220;65px|||||&#8220; global_colors_info=&#8220;{}&#8220;][et_pb_row _builder_version=&#8220;4.16&#8243; global_colors_info=&#8220;{}&#8220;][et_pb_column type=&#8220;4_4&#8243; _builder_version=&#8220;4.16&#8243; global_colors_info=&#8220;{}&#8220;][et_pb_text _builder_version=&#8220;4.16&#8243; text_font=&#8220;Georgia|||on|||||&#8220; text_font_size=&#8220;22px&#8220; text_orientation=&#8220;center&#8220; global_colors_info=&#8220;{}&#8220;]<\/p>\n<p style=\"text-align: center;\"><span style=\"text-decoration: underline;\"><strong>currently funded projects<\/strong><\/span><\/p>\n<p>[\/et_pb_text][\/et_pb_column][\/et_pb_row][\/et_pb_section][et_pb_section fb_built=&#8220;1&#8243; _builder_version=&#8220;4.16&#8243; custom_margin=&#8220;-3px||0px|||&#8220; custom_padding=&#8220;0px|||||&#8220; global_colors_info=&#8220;{}&#8220;][et_pb_row _builder_version=&#8220;4.16&#8243; global_colors_info=&#8220;{}&#8220;][et_pb_column type=&#8220;4_4&#8243; _builder_version=&#8220;4.16&#8243; global_colors_info=&#8220;{}&#8220;][et_pb_blurb title=&#8220;Stra\u00dfenkinder e.V.&#8220; url=&#8220;https:\/\/manfred-strohscheer-stiftung.de\/butze\/&#8220; image=&#8220;https:\/\/www.manfred-strohscheer-stiftung.de\/wp-content\/uploads\/2019\/09\/strassenkinder.png&#8220; _builder_version=&#8220;4.27.4&#8243; background_color=&#8220;#ffffff&#8220; text_orientation=&#8220;center&#8220; min_height=&#8220;299px&#8220; border_radii_image=&#8220;on|10px|10px|10px|10px&#8220; border_width_all_image=&#8220;3px&#8220; box_shadow_style_image=&#8220;preset1&#8243; global_colors_info=&#8220;{}&#8220;]<\/p>\n<h5>Die BUTZE<\/h5>\n<p>Since the ground-breaking ceremony in March 2023, the BUTZE has been a unique place of protection and hope for children and young people in difficult situations, financed exclusively by donations.<\/p>\n<p>[\/et_pb_blurb][\/et_pb_column][\/et_pb_row][et_pb_row _builder_version=&#8220;4.16&#8243; global_colors_info=&#8220;{}&#8220;][et_pb_column type=&#8220;4_4&#8243; _builder_version=&#8220;4.16&#8243; global_colors_info=&#8220;{}&#8220;][et_pb_blurb url=&#8220;https:\/\/manfred-strohscheer-stiftung.de\/projekt-mit-der-komischen-oper\/&#8220; image=&#8220;https:\/\/www.manfred-strohscheer-stiftung.de\/wp-content\/uploads\/2019\/09\/logo_mus_geh.png&#8220; _builder_version=&#8220;4.16&#8243; text_orientation=&#8220;center&#8220; link_option_url=&#8220;https:\/\/manfred-strohscheer-stiftung.de\/projekt-mit-der-komischen-oper\/&#8220; hover_enabled=&#8220;0&#8243; border_radii_image=&#8220;on|10px|10px|10px|10px&#8220; border_width_all_image=&#8220;2px&#8220; box_shadow_style_image=&#8220;preset1&#8243; global_colors_info=&#8220;{}&#8220; sticky_enabled=&#8220;0&#8243;]<\/p>\n<h5>resonare<\/h5>\n<h5>Komische Oper Berlin<\/h5>\n<p>Launch of a project for people suffering from dementia or Alzheimer's disease to enable them to (re)experience or internalize positive experiences through music.<\/p>\n<p>[\/et_pb_blurb][\/et_pb_column][\/et_pb_row][et_pb_row _builder_version=&#8220;4.16&#8243; global_colors_info=&#8220;{}&#8220;][et_pb_column type=&#8220;4_4&#8243; _builder_version=&#8220;4.16&#8243; global_colors_info=&#8220;{}&#8220;][et_pb_blurb url=&#8220;@ET-DC@eyJkeW5hbWljIjp0cnVlLCJjb250ZW50IjoicG9zdF9saW5rX3VybF9wYWdlIiwic2V0dGluZ3MiOnsicG9zdF9pZCI6IjM0OSJ9fQ==@&#8220; image=&#8220;https:\/\/manfred-strohscheer-stiftung.de\/wp-content\/uploads\/2025\/07\/staatsballett_logo-1.png&#8220; _builder_version=&#8220;4.27.4&#8243; _dynamic_attributes=&#8220;url&#8220; text_orientation=&#8220;center&#8220; link_option_url=&#8220;https:\/\/manfred-strohscheer-stiftung.de\/projekt-mit-der-komischen-oper\/&#8220; hover_enabled=&#8220;0&#8243; border_radii_image=&#8220;on|10px|10px|10px|10px&#8220; border_width_all_image=&#8220;2px&#8220; box_shadow_style_image=&#8220;preset1&#8243; global_colors_info=&#8220;{}&#8220; sticky_enabled=&#8220;0&#8243; title_text=&#8220;staatsballett_logo&#8220; image_icon_width=&#8220;80%&#8220;]<\/p>\n<h5>Staatsballett Berlin<\/h5>\n<p>The Manfred Strohscheer Foundation provides the Staatsballett Berlin with significant support for new artistic productions and a digital exhibition on Berlin ballet history.<\/p>\n<p>[\/et_pb_blurb][\/et_pb_column][\/et_pb_row][\/et_pb_section]<\/p>","protected":false},"excerpt":{"rendered":"<p>aktuell gef\u00f6rderte ProjekteDie BUTZE Seit dem Spatenstich im M\u00e4rz 2023 entsteht mit der BUTZE ein einzigartiger Schutz- und Hoffnungsort f\u00fcr Kinder und Jugendliche in schwierigen Lebenslagen, finanziert ausschlie\u00dflich durch Spenden.resonare Komische Oper Berlin Start eines Projekts f\u00fcr Menschen, die unter Demenz- oder Alzheimererkrankung leiden, durch Musik ein (Wieder-) Erleben zu erm\u00f6glichen oder positive Erlebniswelten zu [&hellip;]<\/p>","protected":false},"author":1,"featured_media":0,"parent":0,"menu_order":0,"comment_status":"closed","ping_status":"closed","template":"","meta":{"_et_pb_use_builder":"on","_et_pb_old_content":"","_et_gb_content_width":"","footnotes":""},"class_list":["post-29","page","type-page","status-publish","hentry"],"_links":{"self":[{"href":"https:\/\/manfred-strohscheer-stiftung.de\/en\/wp-json\/wp\/v2\/pages\/29","targetHints":{"allow":["GET"]}}],"collection":[{"href":"https:\/\/manfred-strohscheer-stiftung.de\/en\/wp-json\/wp\/v2\/pages"}],"about":[{"href":"https:\/\/manfred-strohscheer-stiftung.de\/en\/wp-json\/wp\/v2\/types\/page"}],"author":[{"embeddable":true,"href":"https:\/\/manfred-strohscheer-stiftung.de\/en\/wp-json\/wp\/v2\/users\/1"}],"replies":[{"embeddable":true,"href":"https:\/\/manfred-strohscheer-stiftung.de\/en\/wp-json\/wp\/v2\/comments?post=29"}],"version-history":[{"count":0,"href":"https:\/\/manfred-strohscheer-stiftung.de\/en\/wp-json\/wp\/v2\/pages\/29\/revisions"}],"wp:attachment":[{"href":"https:\/\/manfred-strohscheer-stiftung.de\/en\/wp-json\/wp\/v2\/media?parent=29"}],"curies":[{"name":"wp","href":"https:\/\/api.w.org\/{rel}","templated":true}]}}