{"id":197,"date":"2019-09-20T03:57:30","date_gmt":"2019-09-20T01:57:30","guid":{"rendered":"http:\/\/manfred-strohscheer-stiftung.de\/?page_id=197"},"modified":"2025-07-29T13:52:53","modified_gmt":"2025-07-29T11:52:53","slug":"manfred-strohscheer","status":"publish","type":"page","link":"https:\/\/manfred-strohscheer-stiftung.de\/en\/manfred-strohscheer\/","title":{"rendered":"Manfred Strohscheer"},"content":{"rendered":"<p>[et_pb_section fb_built=&#8220;1&#8243; _builder_version=&#8220;4.16&#8243; global_colors_info=&#8220;{}&#8220;][et_pb_row column_structure=&#8220;1_2,1_2&#8243; _builder_version=&#8220;4.16&#8243; global_colors_info=&#8220;{}&#8220;][et_pb_column type=&#8220;1_2&#8243; _builder_version=&#8220;4.16&#8243; global_colors_info=&#8220;{}&#8220;][et_pb_text _builder_version=&#8220;4.16&#8243; text_font_size=&#8220;20px&#8220; text_line_height=&#8220;1.8em&#8220; global_colors_info=&#8220;{}&#8220;]<\/p>\n<p style=\"text-align: left;\">From 1985 to 2012, Manfred Strohscheer was a member of the Executive Board and later the Supervisory Board of Hermes AG, and until 2015 he was also managing partner of several real estate funds. He is currently active in private asset management.<\/p>\n<p style=\"text-align: left;\">As patron of the Friends of the Deutsche Oper and the Staatsoper Unter den Linden, he has supported both houses for many years.<\/p>\n<p>Manfred Strohscheer's foundation supports Alzheimer's research in Germany. For the first time, the Komische Oper Berlin and his foundation want to use the positive effect of classical music for those affected.<\/p>\n<p>Homeless children and young people are particularly close to his heart and he would like to offer them a chance for the future with the planned street children's home.<\/p>\n<p style=\"text-align: left;\">\n<p>[\/et_pb_text][\/et_pb_column][et_pb_column type=&#8220;1_2&#8243; _builder_version=&#8220;4.16&#8243; global_colors_info=&#8220;{}&#8220;][et_pb_image src=&#8220;https:\/\/www.manfred-strohscheer-stiftung.de\/wp-content\/uploads\/2019\/09\/DERD6038.jpg&#8220; _builder_version=&#8220;4.16&#8243; global_colors_info=&#8220;{}&#8220;][\/et_pb_image][\/et_pb_column][\/et_pb_row][\/et_pb_section]<\/p>","protected":false},"excerpt":{"rendered":"<p>Von 1985 bis 2012 war Manfred Strohscheer Vorstand, sp\u00e4ter Aufsichtsrat der Hermes AG und bis 2015 gleichzeitig gesch\u00e4ftsf\u00fchrender Gesellschafter mehrerer Immobilienfonds. Zur Zeit ist er in der privaten Verm\u00f6gensverwaltung t\u00e4tig. Als Paten des F\u00f6rdervereins der Deutschen Oper und der Staatsoper Unter den Linden, unterst\u00fctzte er seit Jahren beide H\u00e4user. Mit seiner Stiftung f\u00f6rdert Manfred Strohscheer [&hellip;]<\/p>","protected":false},"author":1,"featured_media":0,"parent":0,"menu_order":0,"comment_status":"closed","ping_status":"closed","template":"","meta":{"_et_pb_use_builder":"on","_et_pb_old_content":"<!-- wp:divi\/placeholder \/-->","_et_gb_content_width":"","footnotes":""},"class_list":["post-197","page","type-page","status-publish","hentry"],"_links":{"self":[{"href":"https:\/\/manfred-strohscheer-stiftung.de\/en\/wp-json\/wp\/v2\/pages\/197","targetHints":{"allow":["GET"]}}],"collection":[{"href":"https:\/\/manfred-strohscheer-stiftung.de\/en\/wp-json\/wp\/v2\/pages"}],"about":[{"href":"https:\/\/manfred-strohscheer-stiftung.de\/en\/wp-json\/wp\/v2\/types\/page"}],"author":[{"embeddable":true,"href":"https:\/\/manfred-strohscheer-stiftung.de\/en\/wp-json\/wp\/v2\/users\/1"}],"replies":[{"embeddable":true,"href":"https:\/\/manfred-strohscheer-stiftung.de\/en\/wp-json\/wp\/v2\/comments?post=197"}],"version-history":[{"count":0,"href":"https:\/\/manfred-strohscheer-stiftung.de\/en\/wp-json\/wp\/v2\/pages\/197\/revisions"}],"wp:attachment":[{"href":"https:\/\/manfred-strohscheer-stiftung.de\/en\/wp-json\/wp\/v2\/media?parent=197"}],"curies":[{"name":"wp","href":"https:\/\/api.w.org\/{rel}","templated":true}]}}